{"id":1857,"date":"2018-02-26T10:09:52","date_gmt":"2018-02-26T10:09:52","guid":{"rendered":"http:\/\/193.235.147.161\/product\/robolist-lite\/?page_id=4"},"modified":"2026-03-06T15:09:37","modified_gmt":"2026-03-06T15:09:37","slug":"inicio","status":"publish","type":"page","link":"https:\/\/www.iesa.edu.pa\/internationalfaculty\/","title":{"rendered":"Inicio"},"content":{"rendered":"\n\n\n\n<div style=\"height:41px\" aria-hidden=\"true\" class=\"wp-block-spacer\"><\/div>\n\n\n\n<div class=\"wp-block-columns is-layout-flex wp-container-core-columns-is-layout-2 wp-block-columns-is-layout-flex\">\n<div class=\"wp-block-column is-vertically-aligned-center is-layout-flow wp-block-column-is-layout-flow\">\n<h1 class=\"wp-block-heading has-text-align-center\"><strong><span style=\"color:#008b64\" class=\"has-inline-color\">\u00bfPor qu\u00e9 el International Faculty del IESA?<\/span><\/strong><\/h1>\n\n\n\n<div style=\"height:38px\" aria-hidden=\"true\" class=\"wp-block-spacer\"><\/div>\n\n\n\n<div class=\"wp-block-columns are-vertically-aligned-center is-layout-flex wp-container-core-columns-is-layout-1 wp-block-columns-is-layout-flex\">\n<div class=\"wp-block-column is-vertically-aligned-center is-layout-flow wp-block-column-is-layout-flow\" style=\"flex-basis:66.66%\">\n<figure class=\"wp-block-embed is-type-video is-provider-youtube wp-block-embed-youtube wp-embed-aspect-16-9 wp-has-aspect-ratio\"><div class=\"wp-block-embed__wrapper\">\n<iframe loading=\"lazy\" title=\"IESA celebra 60 a\u00f1os formando l\u00edderes que transforman Venezuela y el mundo.\" width=\"1170\" height=\"658\" src=\"https:\/\/www.youtube.com\/embed\/WuAiGPwUhVU?feature=oembed\" frameborder=\"0\" allow=\"accelerometer; autoplay; clipboard-write; encrypted-media; gyroscope; picture-in-picture; web-share\" referrerpolicy=\"strict-origin-when-cross-origin\" allowfullscreen><\/iframe>\n<\/div><\/figure>\n<\/div>\n\n\n\n<div class=\"wp-block-column is-vertically-aligned-center is-layout-flow wp-block-column-is-layout-flow\" style=\"flex-basis:33.33%\">\n<h3 class=\"wp-block-heading has-text-align-center\"><mark style=\"background-color:rgba(0, 0, 0, 0);color:#008b64\" class=\"has-inline-color\">Busca por nombre o apellido<\/mark><\/h3>\n\n\n\n<hr class=\"wp-block-separator has-css-opacity\"\/>\n\n\n<form role=\"search\" method=\"get\" action=\"https:\/\/www.iesa.edu.pa\/internationalfaculty\/\" class=\"wp-block-search__button-inside wp-block-search__icon-button aligncenter busqueda-inicio wp-block-search\"    ><label class=\"wp-block-search__label screen-reader-text\" for=\"wp-block-search__input-1\" >Buscar<\/label><div class=\"wp-block-search__inside-wrapper \" ><input class=\"wp-block-search__input\" id=\"wp-block-search__input-1\" placeholder=\"Nombre o Apellido\" value=\"\" type=\"search\" name=\"s\" required \/><button aria-label=\"Buscar\" class=\"wp-block-search__button has-icon wp-element-button\" type=\"submit\" ><svg class=\"search-icon\" viewBox=\"0 0 24 24\" width=\"24\" height=\"24\">\n\t\t\t\t\t<path d=\"M13 5c-3.3 0-6 2.7-6 6 0 1.4.5 2.7 1.3 3.7l-3.8 3.8 1.1 1.1 3.8-3.8c1 .8 2.3 1.3 3.7 1.3 3.3 0 6-2.7 6-6S16.3 5 13 5zm0 10.5c-2.5 0-4.5-2-4.5-4.5s2-4.5 4.5-4.5 4.5 2 4.5 4.5-2 4.5-4.5 4.5z\"><\/path>\n\t\t\t\t<\/svg><\/button><\/div><\/form>\n\n\n<div style=\"height:19px\" aria-hidden=\"true\" class=\"wp-block-spacer\"><\/div>\n\n\n\n<h3 class=\"wp-block-heading has-text-align-center\"><mark style=\"background-color:rgba(0, 0, 0, 0);color:#008b64\" class=\"has-inline-color\">Busca por especialidad<\/mark><\/h3>\n\n\n\n<hr class=\"wp-block-separator has-css-opacity\"\/>\n\n\n<div class=\"wp-block-categories-dropdown aligncenter cat-faculty wp-block-categories\"><label class=\"screen-reader-text\" for=\"wp-block-categories-1\">Categor\u00edas<\/label><select  name='cat' id='wp-block-categories-1' class='postform'>\n\t<option value='-1'>Elegir la categor\u00eda<\/option>\n\t<option class=\"level-0\" value=\"245\">Conexi\u00f3n Global&nbsp;&nbsp;(7)<\/option>\n\t<option class=\"level-0\" value=\"247\">Data Science&nbsp;&nbsp;(1)<\/option>\n\t<option class=\"level-0\" value=\"240\">Econom\u00eda&nbsp;&nbsp;(6)<\/option>\n\t<option class=\"level-0\" value=\"236\">Empresas Familiares&nbsp;&nbsp;(1)<\/option>\n\t<option class=\"level-0\" value=\"242\">Energ\u00eda&nbsp;&nbsp;(5)<\/option>\n\t<option class=\"level-0\" value=\"235\">Estrategia&nbsp;&nbsp;(3)<\/option>\n\t<option class=\"level-0\" value=\"234\">Finanzas&nbsp;&nbsp;(3)<\/option>\n\t<option class=\"level-0\" value=\"233\">Innovaci\u00f3n&nbsp;&nbsp;(3)<\/option>\n\t<option class=\"level-0\" value=\"1\">International Faculty&nbsp;&nbsp;(37)<\/option>\n\t<option class=\"level-0\" value=\"232\">Liderazgo&nbsp;&nbsp;(2)<\/option>\n\t<option class=\"level-0\" value=\"231\">Mercadeo&nbsp;&nbsp;(2)<\/option>\n\t<option class=\"level-0\" value=\"230\">Negociaci\u00f3n&nbsp;&nbsp;(1)<\/option>\n\t<option class=\"level-0\" value=\"229\">Negocios Digitales&nbsp;&nbsp;(1)<\/option>\n\t<option class=\"level-0\" value=\"228\">Operaciones&nbsp;&nbsp;(4)<\/option>\n\t<option class=\"level-0\" value=\"227\">Pol\u00edtica Internacional&nbsp;&nbsp;(1)<\/option>\n\t<option class=\"level-0\" value=\"226\">Pol\u00edticas P\u00fablicas&nbsp;&nbsp;(2)<\/option>\n\t<option class=\"level-0\" value=\"249\">Sostenibilidad&nbsp;&nbsp;(2)<\/option>\n\t<option class=\"level-0\" value=\"244\">Tecnolog\u00eda&nbsp;&nbsp;(3)<\/option>\n\t<option class=\"level-0\" value=\"223\">Turismo&nbsp;&nbsp;(1)<\/option>\n<\/select><script type=\"text\/javascript\">\n\/* <![CDATA[ *\/\n\t\n\t( function() {\n\t\tvar dropdown = document.getElementById( 'wp-block-categories-1' );\n\t\tfunction onCatChange() {\n\t\t\tif ( dropdown.options[ dropdown.selectedIndex ].value > 0 ) {\n\t\t\t\tlocation.href = \"https:\/\/www.iesa.edu.pa\/internationalfaculty\/?cat=\" + dropdown.options[ dropdown.selectedIndex ].value;\n\t\t\t}\n\t\t}\n\t\tdropdown.onchange = onCatChange;\n\t})();\n\t\n\t\n\/* ]]> *\/\n<\/script>\n\n<\/div>\n\n\n<hr class=\"wp-block-separator has-css-opacity\"\/>\n\n\n\n<div class=\"wp-block-buttons is-horizontal is-content-justification-center is-layout-flex wp-container-core-buttons-is-layout-1 wp-block-buttons-is-layout-flex\">\n<div class=\"wp-block-button\"><a class=\"wp-block-button__link has-white-color has-text-color has-background wp-element-button\" href=\"https:\/\/www.iesa.edu.pa\/internationalfaculty\/directory\" style=\"border-radius:3px;background-color:#008b64\">Ver todo<\/a><\/div>\n<\/div>\n<\/div>\n<\/div>\n<\/div>\n<\/div>\n\n\n\n<hr class=\"wp-block-separator has-css-opacity is-style-wide\"\/>\n\n\n\n<p>El <em>International Faculty <\/em>IESA est\u00e1 conformado por destacados l\u00edderes acad\u00e9micos y empresariales de iberoam\u00e9rica que generan conocimiento y lo difunden mediante su participaci\u00f3n en publicaciones y eventos del m\u00e1s alto nivel. &nbsp;<\/p>\n\n\n\n<p>El <em>International Faculty<\/em> IESA est\u00e1 comprometido con la internacionalizaci\u00f3n del Instituto y su misi\u00f3n de formar l\u00edderes responsables con visi\u00f3n global y conocimiento regional.&nbsp;&nbsp;<\/p>\n\n\n\n<div style=\"height:10px\" aria-hidden=\"true\" class=\"wp-block-spacer\"><\/div>\n\n\n\n<div style=\"height:23px\" aria-hidden=\"true\" class=\"wp-block-spacer\"><\/div>\n\n\n\n<hr class=\"wp-block-separator has-css-opacity\"\/>\n\n\n\n<div style=\"height:16px\" aria-hidden=\"true\" class=\"wp-block-spacer\"><\/div>\n\n\n\n<h2 class=\"wp-block-heading has-text-align-center\"><strong><span style=\"color:#008b64\" class=\"has-inline-color\">Ellos ofrecen una <a href=\"https:\/\/www.iesa.edu.pa\/internationalfaculty\/conexion-global\/\" data-type=\"URL\" data-id=\"https:\/\/www.iesa.edu.pa\/internationalfaculty\/conexion-global\/\">Conexi\u00f3n Global<\/a><\/span><\/strong><\/h2>\n\n\n\n<div style=\"height:36px\" aria-hidden=\"true\" class=\"wp-block-spacer\"><\/div>\n\n\n\n<div class=\"wp-block-columns is-layout-flex wp-container-core-columns-is-layout-3 wp-block-columns-is-layout-flex\">\n<div class=\"wp-block-column is-layout-flow wp-block-column-is-layout-flow\">\n<\/div>\n\n\n\n<div class=\"wp-block-column is-layout-flow wp-block-column-is-layout-flow\">\n<\/div>\n<\/div>\n\n\n\n<p><\/p>\n","protected":false},"excerpt":{"rendered":"<p>\u00bfPor qu\u00e9 el International Faculty del IESA? Busca por nombre o apellido Busca por especialidad El International Faculty IESA est\u00e1 <a class=\"read-more\" href=\"https:\/\/www.iesa.edu.pa\/internationalfaculty\/\">Ver m\u00e1s&#8230;<\/a><\/p>\n","protected":false},"author":1,"featured_media":0,"parent":0,"menu_order":0,"comment_status":"closed","ping_status":"closed","template":"page-templates\/template_page-builder.php","meta":{"footnotes":""},"_links":{"self":[{"href":"https:\/\/www.iesa.edu.pa\/internationalfaculty\/wp-json\/wp\/v2\/pages\/1857"}],"collection":[{"href":"https:\/\/www.iesa.edu.pa\/internationalfaculty\/wp-json\/wp\/v2\/pages"}],"about":[{"href":"https:\/\/www.iesa.edu.pa\/internationalfaculty\/wp-json\/wp\/v2\/types\/page"}],"author":[{"embeddable":true,"href":"https:\/\/www.iesa.edu.pa\/internationalfaculty\/wp-json\/wp\/v2\/users\/1"}],"replies":[{"embeddable":true,"href":"https:\/\/www.iesa.edu.pa\/internationalfaculty\/wp-json\/wp\/v2\/comments?post=1857"}],"version-history":[{"count":115,"href":"https:\/\/www.iesa.edu.pa\/internationalfaculty\/wp-json\/wp\/v2\/pages\/1857\/revisions"}],"predecessor-version":[{"id":3321,"href":"https:\/\/www.iesa.edu.pa\/internationalfaculty\/wp-json\/wp\/v2\/pages\/1857\/revisions\/3321"}],"wp:attachment":[{"href":"https:\/\/www.iesa.edu.pa\/internationalfaculty\/wp-json\/wp\/v2\/media?parent=1857"}],"curies":[{"name":"wp","href":"https:\/\/api.w.org\/{rel}","templated":true}]}}