{"id":4697,"date":"2023-01-11T14:47:15","date_gmt":"2023-01-11T14:47:15","guid":{"rendered":"https:\/\/www.iesa.edu.pa\/cslr\/news-eventos-copy\/"},"modified":"2023-06-14T16:27:29","modified_gmt":"2023-06-14T16:27:29","slug":"conversatorios","status":"publish","type":"page","link":"https:\/\/www.iesa.edu.pa\/cslr\/conversatorios\/","title":{"rendered":"Conversatorios"},"content":{"rendered":"\n<div class=\"wp-block-columns is-layout-flex wp-container-core-columns-is-layout-1 wp-block-columns-is-layout-flex\">\n<div class=\"wp-block-column is-layout-flow wp-block-column-is-layout-flow\">\n<p class=\"has-text-align-center\"><strong><strong>Desaf\u00edos y Oportunidades de la Econom\u00eda Plateada en Latinoam\u00e9rica<\/strong><\/strong><\/p>\n\n\n\n<\/div>\n\n\n\n<div class=\"wp-block-column is-layout-flow wp-block-column-is-layout-flow\">\n<p class=\"has-text-align-center\"><strong><strong><strong><strong>Conversatorio Diversidad, inclusi\u00f3n y equidad en las organizaciones<\/strong><\/strong><\/strong><\/strong><\/p>\n\n\n\n<\/div>\n<\/div>\n\n\n\n<div class=\"wp-block-columns is-layout-flex wp-container-core-columns-is-layout-2 wp-block-columns-is-layout-flex\">\n<div class=\"wp-block-column is-layout-flow wp-block-column-is-layout-flow\">\n<p class=\"has-text-align-center\"><strong><strong><strong><strong>Econom\u00eda Circular: redise\u00f1ando nuevos caminos<\/strong><\/strong><\/strong><\/strong><\/p>\n\n\n\n<\/div>\n\n\n\n<div class=\"wp-block-column is-layout-flow wp-block-column-is-layout-flow\">\n<p class=\"has-text-align-center\"><strong><strong><strong><strong>Cadenas de Suministro Sostenibles<\/strong><\/strong><\/strong><\/strong><\/p>\n\n\n\n<\/div>\n<\/div>\n\n\n\n<div class=\"wp-block-columns is-layout-flex wp-container-core-columns-is-layout-3 wp-block-columns-is-layout-flex\">\n<div class=\"wp-block-column is-layout-flow wp-block-column-is-layout-flow\">\n<p class=\"has-text-align-center\"><strong><strong><strong><strong>La Comunidad B en Venezuela<\/strong><\/strong><\/strong><\/strong><\/p>\n\n\n\n<\/div>\n\n\n\n<div class=\"wp-block-column is-layout-flow wp-block-column-is-layout-flow\">\n<p class=\"has-text-align-center\"><strong><strong><strong><strong>Moda Sostenible \u00bfMito o Realidad?<\/strong><\/strong><\/strong><\/strong><\/p>\n\n\n\n<\/div>\n<\/div>\n\n\n\n<div class=\"wp-block-columns is-layout-flex wp-container-core-columns-is-layout-4 wp-block-columns-is-layout-flex\">\n<div class=\"wp-block-column is-layout-flow wp-block-column-is-layout-flow\">\n<p class=\"has-text-align-center\"><strong><strong><strong><strong> <strong>Transici\u00f3n Energ\u00e9tica<\/strong> <\/strong><\/strong><\/strong><\/strong><\/p>\n\n\n\n<\/div>\n\n\n\n<div class=\"wp-block-column is-layout-flow wp-block-column-is-layout-flow\">\n<p class=\"has-text-align-center\"><strong><strong> <strong>Los nuevos horizontes de la sostenibilidad<\/strong> <\/strong><\/strong><\/p>\n\n\n\n<\/div>\n<\/div>\n\n\n\n<div class=\"wp-block-columns is-layout-flex wp-container-core-columns-is-layout-5 wp-block-columns-is-layout-flex\">\n<div class=\"wp-block-column is-layout-flow wp-block-column-is-layout-flow\">\n<p class=\"has-text-align-center\"><strong><strong>Iniciativas frente al Cambio Clim\u00e1tico<\/strong><\/strong><\/p>\n\n\n\n<\/div>\n\n\n\n<div class=\"wp-block-column is-layout-flow wp-block-column-is-layout-flow\">\n<figure class=\"wp-block-image size-large\"><img loading=\"lazy\" decoding=\"async\" width=\"1024\" height=\"576\" src=\"https:\/\/www.iesa.edu.pa\/cslr\/wp-content\/uploads\/2021\/10\/cs_2-1024x576.jpg\" alt=\"\" class=\"wp-image-4503\" srcset=\"https:\/\/www.iesa.edu.pa\/cslr\/wp-content\/uploads\/2021\/10\/cs_2-1024x576.jpg 1024w, https:\/\/www.iesa.edu.pa\/cslr\/wp-content\/uploads\/2021\/10\/cs_2-300x169.jpg 300w, https:\/\/www.iesa.edu.pa\/cslr\/wp-content\/uploads\/2021\/10\/cs_2-768x432.jpg 768w, https:\/\/www.iesa.edu.pa\/cslr\/wp-content\/uploads\/2021\/10\/cs_2-206x116.jpg 206w, https:\/\/www.iesa.edu.pa\/cslr\/wp-content\/uploads\/2021\/10\/cs_2.jpg 1366w\" sizes=\"(max-width: 1024px) 100vw, 1024px\" \/><\/figure>\n<\/div>\n<\/div>\n\n\n\n<div style=\"height:37px\" aria-hidden=\"true\" class=\"wp-block-spacer\"><\/div>\n\n\n\n<hr class=\"wp-block-separator has-css-opacity\"\/>\n\n\n\n<div style=\"height:27px\" aria-hidden=\"true\" class=\"wp-block-spacer\"><\/div>\n\n\n<form  class=\"kaliforms-form-container bootstrap-wrapper  \" data-form-id=\"3703\" method=\"GET\" style=\"opacity:0\"><h3>Cont\u00e1ctanos<\/h3><div id=\"kaliforms-global-error-message-3703\" class=\"global-error-message\">Lo sentimos, algo no estuvo bien con el env\u00edo... Int\u00e9ntalo de nuevo.<\/div><div class=\"row kali-form-field-row\"><div class=\"col-12 col-md-12 \"><span  data-internal-id=\"freetext8\" type=\"freeText\" id=\"freeText88\" name=\"freeText17e\">Mantente conectado con nuestro equipo.<\/span><\/div><\/div><div class=\"row kali-form-field-row\"><div class=\"col-12\"><hr \/><\/div><\/div><div class=\"row kali-form-field-row\"><div class=\"col-12 col-md-6 \"><input  data-internal-id=\"textbox2\" type=\"text\" id=\"first-name\" name=\"nombre\" data-properties.type=\"text\"  placeholder=\"Nombre*\"required ><\/div><div class=\"col-12 col-md-6 \"><input  data-internal-id=\"textbox3\" type=\"text\" id=\"last-name\" name=\"apellido\" data-properties.type=\"text\"  placeholder=\"Apellido*\"required ><\/div><\/div><div class=\"row kali-form-field-row\"><div class=\"col-12 col-md-6 \"><input  data-internal-id=\"textbox4\" type=\"text\" id=\"email\" name=\"email\" data-properties.type=\"text\"  placeholder=\"Email*\"required ><\/div><div class=\"col-12 col-md-6 \"><input  data-internal-id=\"telephone7\" type=\"tel\" id=\"telephone7\" name=\"phone\" placeholder=\"Tel\u00e9fono*\" data-format=\"free\"  class=\"input\"><\/div><\/div><div class=\"row kali-form-field-row\"><div class=\"col-12 col-md-12 \"><textarea  data-internal-id=\"textarea5\" type=\"textarea\" id=\"message\" name=\"mensaje\" placeholder=\"Mensaje*\"required  rows=\"5\" class=\"input\"><\/textarea><\/div><\/div><div class=\"row kali-form-field-row\"><div class=\"col-12 col-md-12 \"><input  data-internal-id=\"submitbutton11\" type=\"submit\" id=\"submitButton11\" data-style=\"btn ash-grey transparent\"  name=\"submitButton11\" class=\"input btn ash-grey transparent\" value=\"Enviar\" ><\/div><\/div><label class=\"khpfield\" for=\"kf-name-field\"><input class=\"khpfield\" id=\"kf-name-field\" name=\"kf-name-field\" autocomplete=\"off\" type=\"textbox\" \/><\/label><label class=\"khpfield\" for=\"kf-email-field\"><input class=\"khpfield\" id=\"kf-email-field\" name=\"kf-email-field\" autocomplete=\"off\" type=\"textbox\" \/><\/label><!-- This form was built using Kali Forms --><\/form>\n","protected":false},"excerpt":{"rendered":"<p>Desaf\u00edos y Oportunidades de la Econom\u00eda Plateada en Latinoam\u00e9rica Conversatorio Diversidad, inclusi\u00f3n y equidad en las organizaciones Econom\u00eda Circular: redise\u00f1ando [&hellip;]<\/p>\n","protected":false},"author":1,"featured_media":4716,"parent":0,"menu_order":0,"comment_status":"closed","ping_status":"closed","template":"page-templates\/no-sidebar.php","meta":{"footnotes":""},"class_list":["post-4697","page","type-page","status-publish","has-post-thumbnail","hentry"],"_links":{"self":[{"href":"https:\/\/www.iesa.edu.pa\/cslr\/wp-json\/wp\/v2\/pages\/4697"}],"collection":[{"href":"https:\/\/www.iesa.edu.pa\/cslr\/wp-json\/wp\/v2\/pages"}],"about":[{"href":"https:\/\/www.iesa.edu.pa\/cslr\/wp-json\/wp\/v2\/types\/page"}],"author":[{"embeddable":true,"href":"https:\/\/www.iesa.edu.pa\/cslr\/wp-json\/wp\/v2\/users\/1"}],"replies":[{"embeddable":true,"href":"https:\/\/www.iesa.edu.pa\/cslr\/wp-json\/wp\/v2\/comments?post=4697"}],"version-history":[{"count":10,"href":"https:\/\/www.iesa.edu.pa\/cslr\/wp-json\/wp\/v2\/pages\/4697\/revisions"}],"predecessor-version":[{"id":4766,"href":"https:\/\/www.iesa.edu.pa\/cslr\/wp-json\/wp\/v2\/pages\/4697\/revisions\/4766"}],"wp:featuredmedia":[{"embeddable":true,"href":"https:\/\/www.iesa.edu.pa\/cslr\/wp-json\/wp\/v2\/media\/4716"}],"wp:attachment":[{"href":"https:\/\/www.iesa.edu.pa\/cslr\/wp-json\/wp\/v2\/media?parent=4697"}],"curies":[{"name":"wp","href":"https:\/\/api.w.org\/{rel}","templated":true}]}}