{"id":4270,"date":"2021-06-02T21:25:39","date_gmt":"2021-06-02T21:25:39","guid":{"rendered":"http:\/\/.iesa.edu.pa\/cslr\/inicio-de-actividades-en-panama-copy\/"},"modified":"2021-09-13T20:59:14","modified_gmt":"2021-09-13T20:59:14","slug":"libro-la-apuesta-con-las-mayorias-descargable","status":"publish","type":"page","link":"https:\/\/www.iesa.edu.pa\/cslr\/libro-la-apuesta-con-las-mayorias-descargable\/","title":{"rendered":"Libro &#8220;La apuesta con las mayor\u00edas&#8221; descargable"},"content":{"rendered":"\n<p class=\"has-text-align-center\"><em><strong>Esfuerzo editorial de Ediciones IESA y red de acad\u00e9micos<\/strong><\/em>.<\/p>\n\n\n\n<h3 class=\"has-text-align-center wp-block-heading\"><strong><strong>Libro sobre distribuci\u00f3n inclusiva se puede descargar desde la web<\/strong><\/strong>.<\/h3>\n\n\n\n<hr class=\"wp-block-separator\"\/>\n\n\n\n<p>El libro \u201cLa apuesta con las mayor\u00edas: modelos de distribuci\u00f3n inclusiva en Am\u00e9rica Latina\u201d ya se encuentra disponible para descargar en la web de forma gratuita y en formato pdf.<\/p>\n\n\n\n<p>Este esfuerzo editorial de Ediciones IESA recopila diecisiete experiencias latinoamericanas cuidadosamente seleccionadas sobre emprendimientos sociales, gracias a la labor del IESA, la Red de Conocimientos sobre Emprendimientos Sociales (SEKN, por sus siglas en ingl\u00e9s), el Observatorio Scala con el apoyo del IDRC y BID LAB.<\/p>\n\n\n\n<p>Las editoras del libro Nunzia Auletta, directora de Desarrollo del IESA, profesora de Innovaci\u00f3n y Emprendimiento IESA; Josefina Bruni Celli, profesora del Centro de Pol\u00edticas P\u00fablicas, IESA; y Mar\u00eda Helena Ja\u00e9n, profesora honoraria de la Facultad de Administraci\u00f3n de Universidad de los Andes e International Faculty IESA, coinciden al decir que al colocar el contenido de este libro en la Web, cualquier lector podr\u00e1 encontrar en sus p\u00e1ginas insumos para examinar temas como la participaci\u00f3n de las mujeres en iniciativas empresariales y sus beneficios diferenciales, o las especificidades de la selecci\u00f3n y la capacitaci\u00f3n de personal para una red de distribuci\u00f3n de productos a poblaciones en situaciones de vulnerabilidad.<\/p>\n\n\n\n<hr class=\"wp-block-separator\"\/>\n\n\n\n<div style=\"height:14px\" aria-hidden=\"true\" class=\"wp-block-spacer\"><\/div>\n\n\n\n<div class=\"wp-block-columns is-layout-flex wp-container-core-columns-is-layout-1 wp-block-columns-is-layout-flex\">\n<div class=\"wp-block-column is-layout-flow wp-block-column-is-layout-flow\">\n<div class=\"wp-block-buttons is-content-justification-center is-layout-flex wp-block-buttons-is-layout-flex\">\n<div class=\"wp-block-button is-style-fill\"><a class=\"wp-block-button__link has-white-color has-text-color has-background\" href=\"https:\/\/www.iesa.edu.pa\/cslr\/wp-content\/uploads\/2021\/09\/La-apuesta-con-las-mayorias_es.pdf\" download=\"La apuesta con las mayor\u00edas\" style=\"border-radius:12px;background-color:#34607f; text-decoration: none;\" rel=\"noreferrer noopener\">Descargar &#8220;Versi\u00f3n en Espa\u00f1ol&#8221;<\/a><\/div>\n<\/div>\n<\/div>\n\n\n\n<div class=\"wp-block-column is-layout-flow wp-block-column-is-layout-flow\">\n<div class=\"wp-block-buttons is-content-justification-center is-layout-flex wp-block-buttons-is-layout-flex\">\n<div class=\"wp-block-button is-style-fill\"><a class=\"wp-block-button__link has-white-color has-text-color has-background\" href=\"https:\/\/www.iesa.edu.pa\/cslr\/wp-content\/uploads\/2021\/09\/Betting-on-majorities-Auletta-Bruni-Jaen_en.pdf\" download=\"Betting on majorities\" style=\"border-radius:12px;background-color:#34607f; text-decoration: none;\" rel=\"noreferrer noopener\">Download &#8220;English Version&#8221;<\/a><\/div>\n<\/div>\n<\/div>\n<\/div>\n\n\n\n<p class=\"has-white-color has-text-color has-large-font-size\"><\/p>\n","protected":false},"excerpt":{"rendered":"<p>Esfuerzo editorial de Ediciones IESA y red de acad\u00e9micos. Libro sobre distribuci\u00f3n inclusiva se puede descargar desde la web. El [&hellip;]<\/p>\n","protected":false},"author":1,"featured_media":4234,"parent":0,"menu_order":0,"comment_status":"closed","ping_status":"closed","template":"page-templates\/no-sidebar.php","meta":{"footnotes":""},"class_list":["post-4270","page","type-page","status-publish","has-post-thumbnail","hentry"],"_links":{"self":[{"href":"https:\/\/www.iesa.edu.pa\/cslr\/wp-json\/wp\/v2\/pages\/4270"}],"collection":[{"href":"https:\/\/www.iesa.edu.pa\/cslr\/wp-json\/wp\/v2\/pages"}],"about":[{"href":"https:\/\/www.iesa.edu.pa\/cslr\/wp-json\/wp\/v2\/types\/page"}],"author":[{"embeddable":true,"href":"https:\/\/www.iesa.edu.pa\/cslr\/wp-json\/wp\/v2\/users\/1"}],"replies":[{"embeddable":true,"href":"https:\/\/www.iesa.edu.pa\/cslr\/wp-json\/wp\/v2\/comments?post=4270"}],"version-history":[{"count":40,"href":"https:\/\/www.iesa.edu.pa\/cslr\/wp-json\/wp\/v2\/pages\/4270\/revisions"}],"predecessor-version":[{"id":4453,"href":"https:\/\/www.iesa.edu.pa\/cslr\/wp-json\/wp\/v2\/pages\/4270\/revisions\/4453"}],"wp:featuredmedia":[{"embeddable":true,"href":"https:\/\/www.iesa.edu.pa\/cslr\/wp-json\/wp\/v2\/media\/4234"}],"wp:attachment":[{"href":"https:\/\/www.iesa.edu.pa\/cslr\/wp-json\/wp\/v2\/media?parent=4270"}],"curies":[{"name":"wp","href":"https:\/\/api.w.org\/{rel}","templated":true}]}}