{"id":3955,"date":"2021-05-07T17:27:39","date_gmt":"2021-05-07T17:27:39","guid":{"rendered":"http:\/\/.iesa.edu.pa\/cslr\/?page_id=3955"},"modified":"2024-04-30T15:14:55","modified_gmt":"2024-04-30T15:14:55","slug":"formacion","status":"publish","type":"page","link":"https:\/\/www.iesa.edu.pa\/cslr\/formacion\/","title":{"rendered":"Formaci\u00f3n"},"content":{"rendered":"\n<p class=\"has-text-align-left\">Para gerentes, emprendedores y l\u00edderes que quieran acelerar e impulsar soluciones a los retos del desarrollo sostenible, ofrecemos cursos y programas dirigidos a desarrollar las capacidades de gesti\u00f3n y liderazgo responsable con un enfoque de triple impacto. Nuestras actividades combinan una perspectiva multidisciplinaria, vinculando elementos conceptuales y pr\u00e1cticos, a trav\u00e9s de la revisi\u00f3n de las \u00faltimas tendencias en sostenibilidad, el estudio de casos y din\u00e1micas participativas, facilitadas por profesores de amplia trayectoria profesional.<\/p>\n\n\n\n<div style=\"height:39px\" aria-hidden=\"true\" class=\"wp-block-spacer\"><\/div>\n\n\n\n<hr class=\"wp-block-separator has-text-color has-alpha-channel-opacity has-background\" style=\"background-color:#00000017;color:#00000017\"\/>\n\n\n\n<div style=\"height:54px\" aria-hidden=\"true\" class=\"wp-block-spacer\"><\/div>\n\n\n\n\n\n\n\n\n\n\n\n\n\n\n\n\n\n\n\n\n\n<div style=\"height:100px\" aria-hidden=\"true\" class=\"wp-block-spacer\"><\/div>\n\n\n\n<h3 class=\"wp-block-heading has-text-align-center\">Centro de <span style=\"color:#d0d07b\" class=\"has-inline-color\">Sostenibilidad<\/span> y <span style=\"color:#60bcbe\" class=\"has-inline-color\">Liderazgo Responsable<\/span><\/h3>\n","protected":false},"excerpt":{"rendered":"<p>Para gerentes, emprendedores y l\u00edderes que quieran acelerar e impulsar soluciones a los retos del desarrollo sostenible, ofrecemos cursos y [&hellip;]<\/p>\n","protected":false},"author":1,"featured_media":3970,"parent":0,"menu_order":0,"comment_status":"closed","ping_status":"closed","template":"page-templates\/no-sidebar.php","meta":{"footnotes":""},"class_list":["post-3955","page","type-page","status-publish","has-post-thumbnail","hentry"],"_links":{"self":[{"href":"https:\/\/www.iesa.edu.pa\/cslr\/wp-json\/wp\/v2\/pages\/3955"}],"collection":[{"href":"https:\/\/www.iesa.edu.pa\/cslr\/wp-json\/wp\/v2\/pages"}],"about":[{"href":"https:\/\/www.iesa.edu.pa\/cslr\/wp-json\/wp\/v2\/types\/page"}],"author":[{"embeddable":true,"href":"https:\/\/www.iesa.edu.pa\/cslr\/wp-json\/wp\/v2\/users\/1"}],"replies":[{"embeddable":true,"href":"https:\/\/www.iesa.edu.pa\/cslr\/wp-json\/wp\/v2\/comments?post=3955"}],"version-history":[{"count":54,"href":"https:\/\/www.iesa.edu.pa\/cslr\/wp-json\/wp\/v2\/pages\/3955\/revisions"}],"predecessor-version":[{"id":4858,"href":"https:\/\/www.iesa.edu.pa\/cslr\/wp-json\/wp\/v2\/pages\/3955\/revisions\/4858"}],"wp:featuredmedia":[{"embeddable":true,"href":"https:\/\/www.iesa.edu.pa\/cslr\/wp-json\/wp\/v2\/media\/3970"}],"wp:attachment":[{"href":"https:\/\/www.iesa.edu.pa\/cslr\/wp-json\/wp\/v2\/media?parent=3955"}],"curies":[{"name":"wp","href":"https:\/\/api.w.org\/{rel}","templated":true}]}}