{"id":4846,"date":"2023-04-28T19:30:53","date_gmt":"2023-04-28T19:30:53","guid":{"rendered":"https:\/\/www.iesa.edu.pa\/ciea\/reportes-copy\/"},"modified":"2023-05-04T14:05:17","modified_gmt":"2023-05-04T14:05:17","slug":"el-observador","status":"publish","type":"page","link":"https:\/\/www.iesa.edu.pa\/ciea\/el-observador\/","title":{"rendered":"El Observador CIEA"},"content":{"rendered":"\r\n\t\t<div class=\"bdp-post-grid-main bdp-design-2 bdpgrid-2 bdp-clearfix\">\r\n\t\t\t<div class=\"bdp-post-grid bdp-medium-6 bdp-columns  bdp-first\">\r\n\t<div class=\"bdp-post-grid-content \">\r\n\t\t\t\t<div class=\"bdp-post-image-bg\">\r\n\t\t\t<a href=\"https:\/\/www.iesa.edu.pa\/ciea\/el-observador-guyana-un-impresionante-polo-de-desarrollo-petrolero\/\">\r\n\t\t\t\t<img decoding=\"async\" src=\"https:\/\/www.iesa.edu.pa\/ciea\/wp-content\/uploads\/2023\/10\/Diseno-sin-titulo-11-1024x683.jpg\" alt=\"Guyana: un impresionante polo de desarrollo petrolero\" \/>\r\n\t\t\t<\/a>\r\n\t\t<\/div>\r\n\t\t\t\t<div class=\"bdp-post-margin-content\">\r\n\t\t\t\t\t\t<div class=\"bdp-post-categories\">\r\n\t\t\t\t<a href=\"https:\/\/www.iesa.edu.pa\/ciea\/category\/newsletter-el-observador\/\">Newsletter el observador<\/a>\t\t\t<\/div>\r\n\t\t\t\r\n\t\t\t<h2 class=\"bdp-post-title\">\r\n\t\t\t\t<a href=\"https:\/\/www.iesa.edu.pa\/ciea\/el-observador-guyana-un-impresionante-polo-de-desarrollo-petrolero\/\">Guyana: un impresionante polo de desarrollo petrolero<\/a>\r\n\t\t\t<\/h2>\r\n\r\n\t\t\t\t\t\t\t<div class=\"bdp-post-meta\">\r\n\t\t\t\t\t\t\t\t\t\t\t<span class=\"bdp-post-meta-innr bdp-user-img\">Juan Szabo<\/span>\r\n\t\t\t\t\t<span class=\"bdpp-post-meta-sep\">\/<\/span>\t\t\t\t\t\t<span class=\"bdp-post-meta-innr bdp-time\"> octubre 13, 2023 <\/span>\r\n\t\t\t\t\t\t\t\t\t<\/div>\r\n\t\t\t\t\t\t<div class=\"bdp-post-content\">\r\n\t\t\t\t<div class=\"bdp-post-short-content\">La costa atl\u00e1ntica de Guyana alberga una de las provincias petroleras m\u00e1s impresionantes descubiertas en el siglo XXI. El \u00e9xito del consorcio liderado por ExxonMobil ha convertido a Guyana en el pa\u00eds con mayor crecimiento econ\u00f3mico del mundo y despertado expectativas de transformaci\u00f3n social y desarrollo sostenible para la naci\u00f3n...<\/div>\r\n\t\t\t\t\t\t\t\t\t<a href=\"https:\/\/www.iesa.edu.pa\/ciea\/el-observador-guyana-un-impresionante-polo-de-desarrollo-petrolero\/\" class=\"bdp-readmorebtn\">Leer m\u00e1s<\/a>\r\n\t\t\t\t\t\t\t<\/div>\r\n\t\t\t\t\t<\/div>\r\n\t<\/div>\r\n<\/div><div class=\"bdp-post-grid bdp-medium-6 bdp-columns \">\r\n\t<div class=\"bdp-post-grid-content \">\r\n\t\t\t\t<div class=\"bdp-post-image-bg\">\r\n\t\t\t<a href=\"https:\/\/www.iesa.edu.pa\/ciea\/el-observador-la-crisis-energetica-y-rusia-han-generado-un-caso-perder-perder-copy\/\">\r\n\t\t\t\t<img decoding=\"async\" src=\"https:\/\/www.iesa.edu.pa\/ciea\/wp-content\/uploads\/2023\/07\/barriles-almacenar-aceite-1024x683.jpg\" alt=\"El crudo entre la espada y la pared\" \/>\r\n\t\t\t<\/a>\r\n\t\t<\/div>\r\n\t\t\t\t<div class=\"bdp-post-margin-content\">\r\n\t\t\t\t\t\t<div class=\"bdp-post-categories\">\r\n\t\t\t\t<a href=\"https:\/\/www.iesa.edu.pa\/ciea\/category\/newsletter-el-observador\/\">Newsletter el observador<\/a>\t\t\t<\/div>\r\n\t\t\t\r\n\t\t\t<h2 class=\"bdp-post-title\">\r\n\t\t\t\t<a href=\"https:\/\/www.iesa.edu.pa\/ciea\/el-observador-la-crisis-energetica-y-rusia-han-generado-un-caso-perder-perder-copy\/\">El crudo entre la espada y la pared<\/a>\r\n\t\t\t<\/h2>\r\n\r\n\t\t\t\t\t\t\t<div class=\"bdp-post-meta\">\r\n\t\t\t\t\t\t\t\t\t\t\t<span class=\"bdp-post-meta-innr bdp-user-img\">Juan Szabo<\/span>\r\n\t\t\t\t\t<span class=\"bdpp-post-meta-sep\">\/<\/span>\t\t\t\t\t\t<span class=\"bdp-post-meta-innr bdp-time\"> julio 21, 2023 <\/span>\r\n\t\t\t\t\t\t\t\t\t<\/div>\r\n\t\t\t\t\t\t<div class=\"bdp-post-content\">\r\n\t\t\t\t<div class=\"bdp-post-short-content\">Los precios del petr\u00f3leo han estado en una verdadera monta\u00f1a rusa en respuesta a las percepciones cambiantes del mercado petrolero. La percepci\u00f3n es la imagen mental que se forma con ayuda de la experiencia y necesidades, resultado de un proceso de selecci\u00f3n, organizaci\u00f3n e interpretaci\u00f3n de sensaciones. Obviamente, el resultado\u00a0de...<\/div>\r\n\t\t\t\t\t\t\t\t\t<a href=\"https:\/\/www.iesa.edu.pa\/ciea\/el-observador-la-crisis-energetica-y-rusia-han-generado-un-caso-perder-perder-copy\/\" class=\"bdp-readmorebtn\">Leer m\u00e1s<\/a>\r\n\t\t\t\t\t\t\t<\/div>\r\n\t\t\t\t\t<\/div>\r\n\t<\/div>\r\n<\/div><div class=\"bdp-post-grid bdp-medium-6 bdp-columns  bdp-first\">\r\n\t<div class=\"bdp-post-grid-content \">\r\n\t\t\t\t<div class=\"bdp-post-image-bg\">\r\n\t\t\t<a href=\"https:\/\/www.iesa.edu.pa\/ciea\/el-observador-la-crisis-energetica-y-rusia-han-generado-un-caso-perder-perder\/\">\r\n\t\t\t\t<img decoding=\"async\" src=\"https:\/\/www.iesa.edu.pa\/ciea\/wp-content\/uploads\/2023\/04\/EL-OBSERVADOR-FOTO-BUQUE-1024x683.jpg\" alt=\"La crisis energ\u00e9tica y Rusia han generado un caso \u201cperder-perder\u201d\" \/>\r\n\t\t\t<\/a>\r\n\t\t<\/div>\r\n\t\t\t\t<div class=\"bdp-post-margin-content\">\r\n\t\t\t\t\t\t<div class=\"bdp-post-categories\">\r\n\t\t\t\t<a href=\"https:\/\/www.iesa.edu.pa\/ciea\/category\/newsletter-el-observador\/\">Newsletter el observador<\/a>\t\t\t<\/div>\r\n\t\t\t\r\n\t\t\t<h2 class=\"bdp-post-title\">\r\n\t\t\t\t<a href=\"https:\/\/www.iesa.edu.pa\/ciea\/el-observador-la-crisis-energetica-y-rusia-han-generado-un-caso-perder-perder\/\">La crisis energ\u00e9tica y Rusia han generado un caso \u201cperder-perder\u201d<\/a>\r\n\t\t\t<\/h2>\r\n\r\n\t\t\t\t\t\t\t<div class=\"bdp-post-meta\">\r\n\t\t\t\t\t\t\t\t\t\t\t<span class=\"bdp-post-meta-innr bdp-user-img\">Juan Szabo<\/span>\r\n\t\t\t\t\t<span class=\"bdpp-post-meta-sep\">\/<\/span>\t\t\t\t\t\t<span class=\"bdp-post-meta-innr bdp-time\"> abril 21, 2023 <\/span>\r\n\t\t\t\t\t\t\t\t\t<\/div>\r\n\t\t\t\t\t\t<div class=\"bdp-post-content\">\r\n\t\t\t\t<div class=\"bdp-post-short-content\">La continuada subinversi\u00f3n en las industrias extractivas de combustibles f\u00f3siles y las vanidades imperialistas de Vladimir Putin se mezclaron para producir un brebaje t\u00f3xico que termin\u00f3 por contaminar a todo el mundo, generando escasez, precios energ\u00e9ticos desbocados, fallas generalizadas en las cadenas de suministro, inflaci\u00f3n, destrucci\u00f3n de infraestructura incluyendo ciento...<\/div>\r\n\t\t\t\t\t\t\t\t\t<a href=\"https:\/\/www.iesa.edu.pa\/ciea\/el-observador-la-crisis-energetica-y-rusia-han-generado-un-caso-perder-perder\/\" class=\"bdp-readmorebtn\">Leer m\u00e1s<\/a>\r\n\t\t\t\t\t\t\t<\/div>\r\n\t\t\t\t\t<\/div>\r\n\t<\/div>\r\n<\/div><div class=\"bdp-post-grid bdp-medium-6 bdp-columns \">\r\n\t<div class=\"bdp-post-grid-content \">\r\n\t\t\t\t<div class=\"bdp-post-image-bg\">\r\n\t\t\t<a href=\"https:\/\/www.iesa.edu.pa\/ciea\/apertura-petrolera-a-reganadientes\/\">\r\n\t\t\t\t<img decoding=\"async\" src=\"https:\/\/www.iesa.edu.pa\/ciea\/wp-content\/uploads\/2023\/02\/flechas-diferentes-direcciones-sobre-fondo-naranja-espacio-1080-1024x681.png\" alt=\"Apertura petrolera a rega\u00f1adientes\" \/>\r\n\t\t\t<\/a>\r\n\t\t<\/div>\r\n\t\t\t\t<div class=\"bdp-post-margin-content\">\r\n\t\t\t\t\t\t<div class=\"bdp-post-categories\">\r\n\t\t\t\t<a href=\"https:\/\/www.iesa.edu.pa\/ciea\/category\/newsletter-el-observador\/\">Newsletter el observador<\/a>\t\t\t<\/div>\r\n\t\t\t\r\n\t\t\t<h2 class=\"bdp-post-title\">\r\n\t\t\t\t<a href=\"https:\/\/www.iesa.edu.pa\/ciea\/apertura-petrolera-a-reganadientes\/\">Apertura petrolera a rega\u00f1adientes<\/a>\r\n\t\t\t<\/h2>\r\n\r\n\t\t\t\t\t\t\t<div class=\"bdp-post-meta\">\r\n\t\t\t\t\t\t\t\t\t\t\t<span class=\"bdp-post-meta-innr bdp-user-img\">Juan Szabo<\/span>\r\n\t\t\t\t\t<span class=\"bdpp-post-meta-sep\">\/<\/span>\t\t\t\t\t\t<span class=\"bdp-post-meta-innr bdp-time\"> febrero 27, 2023 <\/span>\r\n\t\t\t\t\t\t\t\t\t<\/div>\r\n\t\t\t\t\t\t<div class=\"bdp-post-content\">\r\n\t\t\t\t<div class=\"bdp-post-short-content\">Una rendija se abre en el mundo petrolero venezolano, se trata de una especie de apertura sin GPS. El impulso original comenz\u00f3 hace a\u00f1os cuando las empresas petroleras cabildeaban ante las autoridades norteamericanas para obtener alg\u00fan subterfugio que les permitiera operar bajo visos de normalidad en un ambiente de sanciones....<\/div>\r\n\t\t\t\t\t\t\t\t\t<a href=\"https:\/\/www.iesa.edu.pa\/ciea\/apertura-petrolera-a-reganadientes\/\" class=\"bdp-readmorebtn\">Leer m\u00e1s<\/a>\r\n\t\t\t\t\t\t\t<\/div>\r\n\t\t\t\t\t<\/div>\r\n\t<\/div>\r\n<\/div><div class=\"bdp-post-grid bdp-medium-6 bdp-columns  bdp-first\">\r\n\t<div class=\"bdp-post-grid-content \">\r\n\t\t\t\t<div class=\"bdp-post-image-bg\">\r\n\t\t\t<a href=\"https:\/\/www.iesa.edu.pa\/ciea\/las-tendencias-que-se-avecinan\/\">\r\n\t\t\t\t<img decoding=\"async\" src=\"https:\/\/www.iesa.edu.pa\/ciea\/wp-content\/uploads\/2023\/01\/hermosa-foto-camino-colinas-arbol-aislado-cielo-amarillo_181624-5450-V2.jpg\" alt=\"Las tendencias que se avecinan\" \/>\r\n\t\t\t<\/a>\r\n\t\t<\/div>\r\n\t\t\t\t<div class=\"bdp-post-margin-content\">\r\n\t\t\t\t\t\t<div class=\"bdp-post-categories\">\r\n\t\t\t\t<a href=\"https:\/\/www.iesa.edu.pa\/ciea\/category\/newsletter-el-observador\/\">Newsletter el observador<\/a>\t\t\t<\/div>\r\n\t\t\t\r\n\t\t\t<h2 class=\"bdp-post-title\">\r\n\t\t\t\t<a href=\"https:\/\/www.iesa.edu.pa\/ciea\/las-tendencias-que-se-avecinan\/\">Las tendencias que se avecinan<\/a>\r\n\t\t\t<\/h2>\r\n\r\n\t\t\t\t\t\t\t<div class=\"bdp-post-meta\">\r\n\t\t\t\t\t\t\t\t\t\t\t<span class=\"bdp-post-meta-innr bdp-user-img\">Juan Szabo<\/span>\r\n\t\t\t\t\t<span class=\"bdpp-post-meta-sep\">\/<\/span>\t\t\t\t\t\t<span class=\"bdp-post-meta-innr bdp-time\"> enero 24, 2023 <\/span>\r\n\t\t\t\t\t\t\t\t\t<\/div>\r\n\t\t\t\t\t\t<div class=\"bdp-post-content\">\r\n\t\t\t\t<div class=\"bdp-post-short-content\">No hay duda que la incertidumbre en los mercados se mantiene elevada, fundamentalmente en cuanto a la recuperaci\u00f3n de la demanda de China a medida que logra sacudirse de su pol\u00edtica de cero COVID, y las expectativas en cuanto al desenlace de la invasi\u00f3n rusa a Ucrania. Bajo la actual...<\/div>\r\n\t\t\t\t\t\t\t\t\t<a href=\"https:\/\/www.iesa.edu.pa\/ciea\/las-tendencias-que-se-avecinan\/\" class=\"bdp-readmorebtn\">Leer m\u00e1s<\/a>\r\n\t\t\t\t\t\t\t<\/div>\r\n\t\t\t\t\t<\/div>\r\n\t<\/div>\r\n<\/div><div class=\"bdp-post-grid bdp-medium-6 bdp-columns \">\r\n\t<div class=\"bdp-post-grid-content \">\r\n\t\t\t\t<div class=\"bdp-post-image-bg\">\r\n\t\t\t<a href=\"https:\/\/www.iesa.edu.pa\/ciea\/https-www-iesa-edu-pa-ciea-wp-content-uploads-2022-12-14-12-news-el-observador-pdf\/\">\r\n\t\t\t\t<img decoding=\"async\" src=\"https:\/\/www.iesa.edu.pa\/ciea\/wp-content\/uploads\/2022\/12\/hombre-poniendo-combustible-gasolina-su-automovil-gasolinera-bomba-1024x683.jpg\" alt=\"Intenci\u00f3n de la licencia de Chevron y sus efectos en Venezuela\" \/>\r\n\t\t\t<\/a>\r\n\t\t<\/div>\r\n\t\t\t\t<div class=\"bdp-post-margin-content\">\r\n\t\t\t\t\t\t<div class=\"bdp-post-categories\">\r\n\t\t\t\t<a href=\"https:\/\/www.iesa.edu.pa\/ciea\/category\/newsletter-el-observador\/\">Newsletter el observador<\/a>\t\t\t<\/div>\r\n\t\t\t\r\n\t\t\t<h2 class=\"bdp-post-title\">\r\n\t\t\t\t<a href=\"https:\/\/www.iesa.edu.pa\/ciea\/https-www-iesa-edu-pa-ciea-wp-content-uploads-2022-12-14-12-news-el-observador-pdf\/\">Intenci\u00f3n de la licencia de Chevron y sus efectos en Venezuela<\/a>\r\n\t\t\t<\/h2>\r\n\r\n\t\t\t\t\t\t\t<div class=\"bdp-post-meta\">\r\n\t\t\t\t\t\t\t\t\t\t\t<span class=\"bdp-post-meta-innr bdp-user-img\">Juan Szabo<\/span>\r\n\t\t\t\t\t<span class=\"bdpp-post-meta-sep\">\/<\/span>\t\t\t\t\t\t<span class=\"bdp-post-meta-innr bdp-time\"> diciembre 15, 2022 <\/span>\r\n\t\t\t\t\t\t\t\t\t<\/div>\r\n\t\t\t\t\t\t<div class=\"bdp-post-content\">\r\n\t\t\t\t<div class=\"bdp-post-short-content\">El tan publicitado vuelta a las negociaciones entre el r\u00e9gimen y la plataforma unitaria finalmente se volvi\u00f3 realidad, una combinaci\u00f3n de presi\u00f3n internacional, ofertas de relajamiento de las sanciones y una inmanejable situaci\u00f3n econ\u00f3mica, evidenciado por un mercado paralelo desbocado, han forzado al r\u00e9gimen a volver a rega\u00f1adientes a la...<\/div>\r\n\t\t\t\t\t\t\t\t\t<a href=\"https:\/\/www.iesa.edu.pa\/ciea\/https-www-iesa-edu-pa-ciea-wp-content-uploads-2022-12-14-12-news-el-observador-pdf\/\" class=\"bdp-readmorebtn\">Leer m\u00e1s<\/a>\r\n\t\t\t\t\t\t\t<\/div>\r\n\t\t\t\t\t<\/div>\r\n\t<\/div>\r\n<\/div><div class=\"bdp-post-grid bdp-medium-6 bdp-columns  bdp-first\">\r\n\t<div class=\"bdp-post-grid-content \">\r\n\t\t\t\t<div class=\"bdp-post-image-bg\">\r\n\t\t\t<a href=\"https:\/\/www.iesa.edu.pa\/ciea\/no-olvido-el-ano-viejo-8-mmm-de-habitantes-escasez-guerra-inflacion-y-cop27\/\">\r\n\t\t\t\t<img decoding=\"async\" src=\"https:\/\/www.iesa.edu.pa\/ciea\/wp-content\/uploads\/2022\/11\/ola-agua-1024x683.jpg\" alt=\"No olvido el a\u00f1o viejo\" \/>\r\n\t\t\t<\/a>\r\n\t\t<\/div>\r\n\t\t\t\t<div class=\"bdp-post-margin-content\">\r\n\t\t\t\t\t\t<div class=\"bdp-post-categories\">\r\n\t\t\t\t<a href=\"https:\/\/www.iesa.edu.pa\/ciea\/category\/newsletter-el-observador\/\">Newsletter el observador<\/a>\t\t\t<\/div>\r\n\t\t\t\r\n\t\t\t<h2 class=\"bdp-post-title\">\r\n\t\t\t\t<a href=\"https:\/\/www.iesa.edu.pa\/ciea\/no-olvido-el-ano-viejo-8-mmm-de-habitantes-escasez-guerra-inflacion-y-cop27\/\">No olvido el a\u00f1o viejo<\/a>\r\n\t\t\t<\/h2>\r\n\r\n\t\t\t\t\t\t\t<div class=\"bdp-post-meta\">\r\n\t\t\t\t\t\t\t\t\t\t\t<span class=\"bdp-post-meta-innr bdp-user-img\">Juan Szabo<\/span>\r\n\t\t\t\t\t<span class=\"bdpp-post-meta-sep\">\/<\/span>\t\t\t\t\t\t<span class=\"bdp-post-meta-innr bdp-time\"> noviembre 17, 2022 <\/span>\r\n\t\t\t\t\t\t\t\t\t<\/div>\r\n\t\t\t\t\t\t<div class=\"bdp-post-content\">\r\n\t\t\t\t<div class=\"bdp-post-short-content\">A partir del 8 de noviembre, ya somos 8.000 millones de personas que recibiremos el fin del a\u00f1o A medida que nos acercamos al fin del a\u00f1o 2022, la cual se nos presenta como un \u201cAnnus Horribilis\u201d, seg\u00fan el dicho en lat\u00edn acu\u00f1ado a a\u00f1os con balance negativo. Con cualquier...<\/div>\r\n\t\t\t\t\t\t\t\t\t<a href=\"https:\/\/www.iesa.edu.pa\/ciea\/no-olvido-el-ano-viejo-8-mmm-de-habitantes-escasez-guerra-inflacion-y-cop27\/\" class=\"bdp-readmorebtn\">Leer m\u00e1s<\/a>\r\n\t\t\t\t\t\t\t<\/div>\r\n\t\t\t\t\t<\/div>\r\n\t<\/div>\r\n<\/div><div class=\"bdp-post-grid bdp-medium-6 bdp-columns \">\r\n\t<div class=\"bdp-post-grid-content \">\r\n\t\t\t\t<div class=\"bdp-post-image-bg\">\r\n\t\t\t<a href=\"https:\/\/www.iesa.edu.pa\/ciea\/no-olvido-el-ano-viejo-8-mmm-de-habitantes-escasez-guerra-inflacion-y-cop27-copy\/\">\r\n\t\t\t\t<img decoding=\"async\" src=\"https:\/\/www.iesa.edu.pa\/ciea\/wp-content\/uploads\/2022\/11\/tyrannosaurus-rex-2-1024x576.jpg\" alt=\"La inflaci\u00f3n desobediente\" \/>\r\n\t\t\t<\/a>\r\n\t\t<\/div>\r\n\t\t\t\t<div class=\"bdp-post-margin-content\">\r\n\t\t\t\t\t\t<div class=\"bdp-post-categories\">\r\n\t\t\t\t<a href=\"https:\/\/www.iesa.edu.pa\/ciea\/category\/newsletter-el-observador\/\">Newsletter el observador<\/a>\t\t\t<\/div>\r\n\t\t\t\r\n\t\t\t<h2 class=\"bdp-post-title\">\r\n\t\t\t\t<a href=\"https:\/\/www.iesa.edu.pa\/ciea\/no-olvido-el-ano-viejo-8-mmm-de-habitantes-escasez-guerra-inflacion-y-cop27-copy\/\">La inflaci\u00f3n desobediente<\/a>\r\n\t\t\t<\/h2>\r\n\r\n\t\t\t\t\t\t\t<div class=\"bdp-post-meta\">\r\n\t\t\t\t\t\t\t\t\t\t\t<span class=\"bdp-post-meta-innr bdp-user-img\">Juan Szabo<\/span>\r\n\t\t\t\t\t<span class=\"bdpp-post-meta-sep\">\/<\/span>\t\t\t\t\t\t<span class=\"bdp-post-meta-innr bdp-time\"> noviembre 1, 2022 <\/span>\r\n\t\t\t\t\t\t\t\t\t<\/div>\r\n\t\t\t\t\t\t<div class=\"bdp-post-content\">\r\n\t\t\t\t<div class=\"bdp-post-short-content\">Mientras los \u201cbears\u201d del petr\u00f3leo esperan que la destrucci\u00f3n de la demanda se active y reduzca los precios del petr\u00f3leo, los fundamentos y las interrupciones de suministro no programadas est\u00e1n jugando para los \u201cbulls\u201d. Ing. Juan Szabo \/ News El Observador de Energ\u00eda y Ambiente \/ 1 de noviembre de...<\/div>\r\n\t\t\t\t\t\t\t\t\t<a href=\"https:\/\/www.iesa.edu.pa\/ciea\/no-olvido-el-ano-viejo-8-mmm-de-habitantes-escasez-guerra-inflacion-y-cop27-copy\/\" class=\"bdp-readmorebtn\">Leer m\u00e1s<\/a>\r\n\t\t\t\t\t\t\t<\/div>\r\n\t\t\t\t\t<\/div>\r\n\t<\/div>\r\n<\/div>\t\t<\/div>\r\n\r\n\t\t\n\r\n<div id=\"gtx-trans\" style=\"position: absolute; left: -24px; top: 0.476562px;\">\r\n<div class=\"gtx-trans-icon\">\u00a0<\/div>\r\n<\/div>","protected":false},"excerpt":{"rendered":"<p>\u00a0<\/p>\n","protected":false},"author":4,"featured_media":0,"parent":0,"menu_order":0,"comment_status":"closed","ping_status":"closed","template":"page-templates\/no-sidebar.php","meta":{"footnotes":""},"class_list":["post-4846","page","type-page","status-publish","hentry"],"_links":{"self":[{"href":"https:\/\/www.iesa.edu.pa\/ciea\/wp-json\/wp\/v2\/pages\/4846"}],"collection":[{"href":"https:\/\/www.iesa.edu.pa\/ciea\/wp-json\/wp\/v2\/pages"}],"about":[{"href":"https:\/\/www.iesa.edu.pa\/ciea\/wp-json\/wp\/v2\/types\/page"}],"author":[{"embeddable":true,"href":"https:\/\/www.iesa.edu.pa\/ciea\/wp-json\/wp\/v2\/users\/4"}],"replies":[{"embeddable":true,"href":"https:\/\/www.iesa.edu.pa\/ciea\/wp-json\/wp\/v2\/comments?post=4846"}],"version-history":[{"count":5,"href":"https:\/\/www.iesa.edu.pa\/ciea\/wp-json\/wp\/v2\/pages\/4846\/revisions"}],"predecessor-version":[{"id":4860,"href":"https:\/\/www.iesa.edu.pa\/ciea\/wp-json\/wp\/v2\/pages\/4846\/revisions\/4860"}],"wp:attachment":[{"href":"https:\/\/www.iesa.edu.pa\/ciea\/wp-json\/wp\/v2\/media?parent=4846"}],"curies":[{"name":"wp","href":"https:\/\/api.w.org\/{rel}","templated":true}]}}