{"id":4625,"date":"2022-03-21T13:08:08","date_gmt":"2022-03-21T13:08:08","guid":{"rendered":"https:\/\/www.iesa.edu.pa\/ciea\/?page_id=4625"},"modified":"2023-04-28T19:31:42","modified_gmt":"2023-04-28T19:31:42","slug":"reportes","status":"publish","type":"page","link":"https:\/\/www.iesa.edu.pa\/ciea\/reportes\/","title":{"rendered":"Reportes"},"content":{"rendered":"\r\n\t\t<div class=\"bdp-post-grid-main bdp-design-2 bdpgrid-2 bdp-clearfix\">\r\n\t\t\t<div class=\"bdp-post-grid bdp-medium-6 bdp-columns  bdp-first\">\r\n\t<div class=\"bdp-post-grid-content \">\r\n\t\t\t\t<div class=\"bdp-post-image-bg\">\r\n\t\t\t<a href=\"https:\/\/www.iesa.edu.pa\/ciea\/reporte-trimestral-2025\/\">\r\n\t\t\t\t<img decoding=\"async\" src=\"https:\/\/www.iesa.edu.pa\/ciea\/wp-content\/uploads\/2025\/12\/portada-reporte-trimestral.png\" alt=\"Reporte trimestral 2025\" \/>\r\n\t\t\t<\/a>\r\n\t\t<\/div>\r\n\t\t\t\t<div class=\"bdp-post-margin-content\">\r\n\t\t\t\t\t\t<div class=\"bdp-post-categories\">\r\n\t\t\t\t<a href=\"https:\/\/www.iesa.edu.pa\/ciea\/category\/reportes\/\">Reportes<\/a>\t\t\t<\/div>\r\n\t\t\t\r\n\t\t\t<h2 class=\"bdp-post-title\">\r\n\t\t\t\t<a href=\"https:\/\/www.iesa.edu.pa\/ciea\/reporte-trimestral-2025\/\">Reporte trimestral 2025<\/a>\r\n\t\t\t<\/h2>\r\n\r\n\t\t\t\t\t\t\t<div class=\"bdp-post-meta\">\r\n\t\t\t\t\t\t\t\t\t\t\t<span class=\"bdp-post-meta-innr bdp-user-img\">Gabriel Vazquez<\/span>\r\n\t\t\t\t\t<span class=\"bdpp-post-meta-sep\">\/<\/span>\t\t\t\t\t\t<span class=\"bdp-post-meta-innr bdp-time\"> diciembre 15, 2025 <\/span>\r\n\t\t\t\t\t\t\t\t\t<\/div>\r\n\t\t\t\t\t\t<div class=\"bdp-post-content\">\r\n\t\t\t\t<div class=\"bdp-post-short-content\"><\/div>\r\n\t\t\t\t\t\t\t\t\t<a href=\"https:\/\/www.iesa.edu.pa\/ciea\/reporte-trimestral-2025\/\" class=\"bdp-readmorebtn\">Leer m\u00e1s<\/a>\r\n\t\t\t\t\t\t\t<\/div>\r\n\t\t\t\t\t<\/div>\r\n\t<\/div>\r\n<\/div><div class=\"bdp-post-grid bdp-medium-6 bdp-columns \">\r\n\t<div class=\"bdp-post-grid-content \">\r\n\t\t\t\t<div class=\"bdp-post-image-bg\">\r\n\t\t\t<a href=\"https:\/\/www.iesa.edu.pa\/ciea\/reporte-trimestral-i-centro-internacional-de-energia-y-ambiente\/\">\r\n\t\t\t\t<img decoding=\"async\" src=\"https:\/\/www.iesa.edu.pa\/ciea\/wp-content\/uploads\/2024\/11\/Captura-de-pantalla-2024-11-25-102035.png\" alt=\"REPORTE TRIMESTRAL I &#8211; Centro Internacional de Energ\u00eda y Ambiente\" \/>\r\n\t\t\t<\/a>\r\n\t\t<\/div>\r\n\t\t\t\t<div class=\"bdp-post-margin-content\">\r\n\t\t\t\t\t\t<div class=\"bdp-post-categories\">\r\n\t\t\t\t<a href=\"https:\/\/www.iesa.edu.pa\/ciea\/category\/reportes\/\">Reportes<\/a>\t\t\t<\/div>\r\n\t\t\t\r\n\t\t\t<h2 class=\"bdp-post-title\">\r\n\t\t\t\t<a href=\"https:\/\/www.iesa.edu.pa\/ciea\/reporte-trimestral-i-centro-internacional-de-energia-y-ambiente\/\">REPORTE TRIMESTRAL I &#8211; Centro Internacional de Energ\u00eda y Ambiente<\/a>\r\n\t\t\t<\/h2>\r\n\r\n\t\t\t\t\t\t\t<div class=\"bdp-post-meta\">\r\n\t\t\t\t\t\t\t\t\t\t\t<span class=\"bdp-post-meta-innr bdp-user-img\">Gabriel Vazquez<\/span>\r\n\t\t\t\t\t<span class=\"bdpp-post-meta-sep\">\/<\/span>\t\t\t\t\t\t<span class=\"bdp-post-meta-innr bdp-time\"> noviembre 25, 2024 <\/span>\r\n\t\t\t\t\t\t\t\t\t<\/div>\r\n\t\t\t\t\t\t<div class=\"bdp-post-content\">\r\n\t\t\t\t<div class=\"bdp-post-short-content\">Descargue aqu\u00ed el informe completo: Reporte trimestal CIEA - V.2<\/div>\r\n\t\t\t\t\t\t\t\t\t<a href=\"https:\/\/www.iesa.edu.pa\/ciea\/reporte-trimestral-i-centro-internacional-de-energia-y-ambiente\/\" class=\"bdp-readmorebtn\">Leer m\u00e1s<\/a>\r\n\t\t\t\t\t\t\t<\/div>\r\n\t\t\t\t\t<\/div>\r\n\t<\/div>\r\n<\/div><div class=\"bdp-post-grid bdp-medium-6 bdp-columns  bdp-first\">\r\n\t<div class=\"bdp-post-grid-content \">\r\n\t\t\t\t<div class=\"bdp-post-image-bg\">\r\n\t\t\t<a href=\"https:\/\/www.iesa.edu.pa\/ciea\/reporte-3t23\/\">\r\n\t\t\t\t<img decoding=\"async\" src=\"https:\/\/www.iesa.edu.pa\/ciea\/wp-content\/uploads\/2023\/11\/CIEA-Reporte-III-2023-400.jpg\" alt=\"Reporte Trimestral CIEA 3T-2023\" \/>\r\n\t\t\t<\/a>\r\n\t\t<\/div>\r\n\t\t\t\t<div class=\"bdp-post-margin-content\">\r\n\t\t\t\t\t\t<div class=\"bdp-post-categories\">\r\n\t\t\t\t<a href=\"https:\/\/www.iesa.edu.pa\/ciea\/category\/reportes\/\">Reportes<\/a>\t\t\t<\/div>\r\n\t\t\t\r\n\t\t\t<h2 class=\"bdp-post-title\">\r\n\t\t\t\t<a href=\"https:\/\/www.iesa.edu.pa\/ciea\/reporte-3t23\/\">Reporte Trimestral CIEA 3T-2023<\/a>\r\n\t\t\t<\/h2>\r\n\r\n\t\t\t\t\t\t\t<div class=\"bdp-post-meta\">\r\n\t\t\t\t\t\t\t\t\t\t\t<span class=\"bdp-post-meta-innr bdp-user-img\">Equipo CIEA<\/span>\r\n\t\t\t\t\t<span class=\"bdpp-post-meta-sep\">\/<\/span>\t\t\t\t\t\t<span class=\"bdp-post-meta-innr bdp-time\"> noviembre 16, 2023 <\/span>\r\n\t\t\t\t\t\t\t\t\t<\/div>\r\n\t\t\t\t\t\t<div class=\"bdp-post-content\">\r\n\t\t\t\t<div class=\"bdp-post-short-content\">A continuaci\u00f3n podr\u00e1 consultar el Reporte Trimestral CIEA titulado &quot;Escenario futuro de energ\u00eda 2030-2050&quot;, que incluye indicadores y an\u00e1lisis de julio, agosto y septiembre de 2023. Este documento realizado por nuestro equipo de investigaci\u00f3n, incluye datos de spot price, niveles de inventarios a nivel mundial, entorno energ\u00e9tico, producci\u00f3n de crudo...<\/div>\r\n\t\t\t\t\t\t\t\t\t<a href=\"https:\/\/www.iesa.edu.pa\/ciea\/reporte-3t23\/\" class=\"bdp-readmorebtn\">Leer m\u00e1s<\/a>\r\n\t\t\t\t\t\t\t<\/div>\r\n\t\t\t\t\t\t\t<div class=\"bdp-post-tags\"> <a href=\"https:\/\/www.iesa.edu.pa\/ciea\/tag\/opep\/\" rel=\"tag\">#opep<\/a>, <a href=\"https:\/\/www.iesa.edu.pa\/ciea\/tag\/venezuela\/\" rel=\"tag\">#venezuela<\/a>, <a href=\"https:\/\/www.iesa.edu.pa\/ciea\/tag\/crudo\/\" rel=\"tag\">crudo<\/a>, <a href=\"https:\/\/www.iesa.edu.pa\/ciea\/tag\/energia\/\" rel=\"tag\">energ\u00eda<\/a>, <a href=\"https:\/\/www.iesa.edu.pa\/ciea\/tag\/mercado-petrolero\/\" rel=\"tag\">mercado petrolero<\/a>, <a href=\"https:\/\/www.iesa.edu.pa\/ciea\/tag\/spot-price\/\" rel=\"tag\">spot price<\/a><\/div>\r\n\t\t\t\t\t<\/div>\r\n\t<\/div>\r\n<\/div><div class=\"bdp-post-grid bdp-medium-6 bdp-columns \">\r\n\t<div class=\"bdp-post-grid-content \">\r\n\t\t\t\t<div class=\"bdp-post-image-bg\">\r\n\t\t\t<a href=\"https:\/\/www.iesa.edu.pa\/ciea\/reporte-2t23\/\">\r\n\t\t\t\t<img decoding=\"async\" src=\"https:\/\/www.iesa.edu.pa\/ciea\/wp-content\/uploads\/2023\/07\/paneles-solares-techo-celula-solar-CIEA-1024x683.jpg\" alt=\"Reporte Trimestral CIEA 2T-2023\" \/>\r\n\t\t\t<\/a>\r\n\t\t<\/div>\r\n\t\t\t\t<div class=\"bdp-post-margin-content\">\r\n\t\t\t\t\t\t<div class=\"bdp-post-categories\">\r\n\t\t\t\t<a href=\"https:\/\/www.iesa.edu.pa\/ciea\/category\/reportes\/\">Reportes<\/a>\t\t\t<\/div>\r\n\t\t\t\r\n\t\t\t<h2 class=\"bdp-post-title\">\r\n\t\t\t\t<a href=\"https:\/\/www.iesa.edu.pa\/ciea\/reporte-2t23\/\">Reporte Trimestral CIEA 2T-2023<\/a>\r\n\t\t\t<\/h2>\r\n\r\n\t\t\t\t\t\t\t<div class=\"bdp-post-meta\">\r\n\t\t\t\t\t\t\t\t\t\t\t<span class=\"bdp-post-meta-innr bdp-user-img\">Equipo CIEA<\/span>\r\n\t\t\t\t\t<span class=\"bdpp-post-meta-sep\">\/<\/span>\t\t\t\t\t\t<span class=\"bdp-post-meta-innr bdp-time\"> julio 31, 2023 <\/span>\r\n\t\t\t\t\t\t\t\t\t<\/div>\r\n\t\t\t\t\t\t<div class=\"bdp-post-content\">\r\n\t\t\t\t<div class=\"bdp-post-short-content\">A continuaci\u00f3n podr\u00e1 consultar el Reporte Trimestral CIEA titulado &quot;Econom\u00edas emergentes en la transici\u00f3n energ\u00e9tica&quot;, que reune indicadores y an\u00e1lisis de abril, mayo y junio de 2023. Este documento realizado por nuestro equipo de investigaci\u00f3n, incluye datos de spot price, niveles de inventarios a nivel mundial, entorno energ\u00e9tico, producci\u00f3n de...<\/div>\r\n\t\t\t\t\t\t\t\t\t<a href=\"https:\/\/www.iesa.edu.pa\/ciea\/reporte-2t23\/\" class=\"bdp-readmorebtn\">Leer m\u00e1s<\/a>\r\n\t\t\t\t\t\t\t<\/div>\r\n\t\t\t\t\t\t\t<div class=\"bdp-post-tags\"> <a href=\"https:\/\/www.iesa.edu.pa\/ciea\/tag\/opep\/\" rel=\"tag\">#opep<\/a>, <a href=\"https:\/\/www.iesa.edu.pa\/ciea\/tag\/venezuela\/\" rel=\"tag\">#venezuela<\/a>, <a href=\"https:\/\/www.iesa.edu.pa\/ciea\/tag\/crudo\/\" rel=\"tag\">crudo<\/a>, <a href=\"https:\/\/www.iesa.edu.pa\/ciea\/tag\/energia\/\" rel=\"tag\">energ\u00eda<\/a>, <a href=\"https:\/\/www.iesa.edu.pa\/ciea\/tag\/mercado-petrolero\/\" rel=\"tag\">mercado petrolero<\/a>, <a href=\"https:\/\/www.iesa.edu.pa\/ciea\/tag\/spot-price\/\" rel=\"tag\">spot price<\/a><\/div>\r\n\t\t\t\t\t<\/div>\r\n\t<\/div>\r\n<\/div><div class=\"bdp-post-grid bdp-medium-6 bdp-columns  bdp-first\">\r\n\t<div class=\"bdp-post-grid-content \">\r\n\t\t\t\t<div class=\"bdp-post-image-bg\">\r\n\t\t\t<a href=\"https:\/\/www.iesa.edu.pa\/ciea\/reporte-1t23-pdf\/\">\r\n\t\t\t\t<img decoding=\"async\" src=\"https:\/\/www.iesa.edu.pa\/ciea\/wp-content\/uploads\/2023\/04\/Inteligencia-artificial2-CIEA-1024x683.jpg\" alt=\"Reporte Trimestral CIEA 1T-2023\" \/>\r\n\t\t\t<\/a>\r\n\t\t<\/div>\r\n\t\t\t\t<div class=\"bdp-post-margin-content\">\r\n\t\t\t\t\t\t<div class=\"bdp-post-categories\">\r\n\t\t\t\t<a href=\"https:\/\/www.iesa.edu.pa\/ciea\/category\/reportes\/\">Reportes<\/a>\t\t\t<\/div>\r\n\t\t\t\r\n\t\t\t<h2 class=\"bdp-post-title\">\r\n\t\t\t\t<a href=\"https:\/\/www.iesa.edu.pa\/ciea\/reporte-1t23-pdf\/\">Reporte Trimestral CIEA 1T-2023<\/a>\r\n\t\t\t<\/h2>\r\n\r\n\t\t\t\t\t\t\t<div class=\"bdp-post-meta\">\r\n\t\t\t\t\t\t\t\t\t\t\t<span class=\"bdp-post-meta-innr bdp-user-img\">Equipo CIEA<\/span>\r\n\t\t\t\t\t<span class=\"bdpp-post-meta-sep\">\/<\/span>\t\t\t\t\t\t<span class=\"bdp-post-meta-innr bdp-time\"> abril 27, 2023 <\/span>\r\n\t\t\t\t\t\t\t\t\t<\/div>\r\n\t\t\t\t\t\t<div class=\"bdp-post-content\">\r\n\t\t\t\t<div class=\"bdp-post-short-content\">A continuaci\u00f3n podr\u00e1 consultar el Reporte Trimestral CIEA, que reune indicadores y an\u00e1lisis de enero, febrero y marzo de 2023. Este documento realizado por nuestro equipo de investigaci\u00f3n, incluye datos de spot price, niveles de inventarios a nivel mundial, entorno energ\u00e9tico, producci\u00f3n de crudo en Venezuela, entre otros. Esta edici\u00f3n...<\/div>\r\n\t\t\t\t\t\t\t\t\t<a href=\"https:\/\/www.iesa.edu.pa\/ciea\/reporte-1t23-pdf\/\" class=\"bdp-readmorebtn\">Leer m\u00e1s<\/a>\r\n\t\t\t\t\t\t\t<\/div>\r\n\t\t\t\t\t\t\t<div class=\"bdp-post-tags\"> <a href=\"https:\/\/www.iesa.edu.pa\/ciea\/tag\/opep\/\" rel=\"tag\">#opep<\/a>, <a href=\"https:\/\/www.iesa.edu.pa\/ciea\/tag\/venezuela\/\" rel=\"tag\">#venezuela<\/a>, <a href=\"https:\/\/www.iesa.edu.pa\/ciea\/tag\/crudo\/\" rel=\"tag\">crudo<\/a>, <a href=\"https:\/\/www.iesa.edu.pa\/ciea\/tag\/energia\/\" rel=\"tag\">energ\u00eda<\/a>, <a href=\"https:\/\/www.iesa.edu.pa\/ciea\/tag\/mercado-petrolero\/\" rel=\"tag\">mercado petrolero<\/a>, <a href=\"https:\/\/www.iesa.edu.pa\/ciea\/tag\/spot-price\/\" rel=\"tag\">spot price<\/a><\/div>\r\n\t\t\t\t\t<\/div>\r\n\t<\/div>\r\n<\/div><div class=\"bdp-post-grid bdp-medium-6 bdp-columns \">\r\n\t<div class=\"bdp-post-grid-content \">\r\n\t\t\t\t<div class=\"bdp-post-image-bg\">\r\n\t\t\t<a href=\"https:\/\/www.iesa.edu.pa\/ciea\/reporte-semestral-ciea\/\">\r\n\t\t\t\t<img decoding=\"async\" src=\"https:\/\/www.iesa.edu.pa\/ciea\/wp-content\/uploads\/2023\/02\/oil-g07cb2756f_640.jpg\" alt=\"Reporte Semestral CIEA\" \/>\r\n\t\t\t<\/a>\r\n\t\t<\/div>\r\n\t\t\t\t<div class=\"bdp-post-margin-content\">\r\n\t\t\t\t\t\t<div class=\"bdp-post-categories\">\r\n\t\t\t\t<a href=\"https:\/\/www.iesa.edu.pa\/ciea\/category\/reportes\/\">Reportes<\/a>\t\t\t<\/div>\r\n\t\t\t\r\n\t\t\t<h2 class=\"bdp-post-title\">\r\n\t\t\t\t<a href=\"https:\/\/www.iesa.edu.pa\/ciea\/reporte-semestral-ciea\/\">Reporte Semestral CIEA<\/a>\r\n\t\t\t<\/h2>\r\n\r\n\t\t\t\t\t\t\t<div class=\"bdp-post-meta\">\r\n\t\t\t\t\t\t\t\t\t\t\t<span class=\"bdp-post-meta-innr bdp-user-img\">Equipo CIEA<\/span>\r\n\t\t\t\t\t<span class=\"bdpp-post-meta-sep\">\/<\/span>\t\t\t\t\t\t<span class=\"bdp-post-meta-innr bdp-time\"> febrero 3, 2023 <\/span>\r\n\t\t\t\t\t\t\t\t\t<\/div>\r\n\t\t\t\t\t\t<div class=\"bdp-post-content\">\r\n\t\t\t\t<div class=\"bdp-post-short-content\">A continuaci\u00f3n podr\u00e1 consultar el Reporte Semestral CIEA, que reune indicadores y an\u00e1lisis de cierre del a\u00f1o 2022, as\u00ed como perspectivas energ\u00e9ticas para el 2023. Este documento realizado por nuestro equipo de investigaci\u00f3n, incluye datos de spot price, niveles de inventarios a nivel mundial, entorno energ\u00e9tico y cierra con las...<\/div>\r\n\t\t\t\t\t\t\t\t\t<a href=\"https:\/\/www.iesa.edu.pa\/ciea\/reporte-semestral-ciea\/\" class=\"bdp-readmorebtn\">Leer m\u00e1s<\/a>\r\n\t\t\t\t\t\t\t<\/div>\r\n\t\t\t\t\t<\/div>\r\n\t<\/div>\r\n<\/div><div class=\"bdp-post-grid bdp-medium-6 bdp-columns  bdp-first\">\r\n\t<div class=\"bdp-post-grid-content \">\r\n\t\t\t\t<div class=\"bdp-post-image-bg\">\r\n\t\t\t<a href=\"https:\/\/www.iesa.edu.pa\/ciea\/reporte-trimestral-ciea-jul-sept-2022\/\">\r\n\t\t\t\t<img decoding=\"async\" src=\"https:\/\/www.iesa.edu.pa\/ciea\/wp-content\/uploads\/2022\/11\/imagen-reporte-2-1024x576.jpg\" alt=\"Reporte trimestral CIEA\" \/>\r\n\t\t\t<\/a>\r\n\t\t<\/div>\r\n\t\t\t\t<div class=\"bdp-post-margin-content\">\r\n\t\t\t\t\t\t<div class=\"bdp-post-categories\">\r\n\t\t\t\t<a href=\"https:\/\/www.iesa.edu.pa\/ciea\/category\/reportes\/\">Reportes<\/a>\t\t\t<\/div>\r\n\t\t\t\r\n\t\t\t<h2 class=\"bdp-post-title\">\r\n\t\t\t\t<a href=\"https:\/\/www.iesa.edu.pa\/ciea\/reporte-trimestral-ciea-jul-sept-2022\/\">Reporte trimestral CIEA<\/a>\r\n\t\t\t<\/h2>\r\n\r\n\t\t\t\t\t\t\t<div class=\"bdp-post-meta\">\r\n\t\t\t\t\t\t\t\t\t\t\t<span class=\"bdp-post-meta-innr bdp-user-img\">Equipo CIEA<\/span>\r\n\t\t\t\t\t<span class=\"bdpp-post-meta-sep\">\/<\/span>\t\t\t\t\t\t<span class=\"bdp-post-meta-innr bdp-time\"> noviembre 17, 2022 <\/span>\r\n\t\t\t\t\t\t\t\t\t<\/div>\r\n\t\t\t\t\t\t<div class=\"bdp-post-content\">\r\n\t\t\t\t<div class=\"bdp-post-short-content\">A continuaci\u00f3n podr\u00e1 consultar el Reporte Trimestral CIEA, en el cual expone la situaci\u00f3n actual de la industria petrolera en Venezuela y a nivel internacional, haciendo un an\u00e1lisis general de los distintos aspectos que afectan el mercado en los meses de julio, agosto y septiembre de 2022. Descargue aqu\u00ed el...<\/div>\r\n\t\t\t\t\t\t\t\t\t<a href=\"https:\/\/www.iesa.edu.pa\/ciea\/reporte-trimestral-ciea-jul-sept-2022\/\" class=\"bdp-readmorebtn\">Leer m\u00e1s<\/a>\r\n\t\t\t\t\t\t\t<\/div>\r\n\t\t\t\t\t<\/div>\r\n\t<\/div>\r\n<\/div><div class=\"bdp-post-grid bdp-medium-6 bdp-columns \">\r\n\t<div class=\"bdp-post-grid-content \">\r\n\t\t\t\t<div class=\"bdp-post-image-bg\">\r\n\t\t\t<a href=\"https:\/\/www.iesa.edu.pa\/ciea\/la-invasion-a-ucrania-cuando-los-combustibles-fosiles-se-niegan-a-morir\/\">\r\n\t\t\t\t<img decoding=\"async\" src=\"https:\/\/www.iesa.edu.pa\/ciea\/wp-content\/uploads\/2022\/04\/Invasion-a-Ucrania-1024x576.jpg\" alt=\"La invasi\u00f3n a Ucrania: cuando los combustibles f\u00f3siles se niegan a morir\" \/>\r\n\t\t\t<\/a>\r\n\t\t<\/div>\r\n\t\t\t\t<div class=\"bdp-post-margin-content\">\r\n\t\t\t\t\t\t<div class=\"bdp-post-categories\">\r\n\t\t\t\t<a href=\"https:\/\/www.iesa.edu.pa\/ciea\/category\/analisis\/\">An\u00e1lisis<\/a>\t\t\t<\/div>\r\n\t\t\t\r\n\t\t\t<h2 class=\"bdp-post-title\">\r\n\t\t\t\t<a href=\"https:\/\/www.iesa.edu.pa\/ciea\/la-invasion-a-ucrania-cuando-los-combustibles-fosiles-se-niegan-a-morir\/\">La invasi\u00f3n a Ucrania: cuando los combustibles f\u00f3siles se niegan a morir<\/a>\r\n\t\t\t<\/h2>\r\n\r\n\t\t\t\t\t\t\t<div class=\"bdp-post-meta\">\r\n\t\t\t\t\t\t\t\t\t\t\t<span class=\"bdp-post-meta-innr bdp-user-img\">Oswaldo Felizzola<\/span>\r\n\t\t\t\t\t<span class=\"bdpp-post-meta-sep\">\/<\/span>\t\t\t\t\t\t<span class=\"bdp-post-meta-innr bdp-time\"> abril 26, 2022 <\/span>\r\n\t\t\t\t\t\t\t\t\t<\/div>\r\n\t\t\t\t\t\t<div class=\"bdp-post-content\">\r\n\t\t\t\t<div class=\"bdp-post-short-content\">El conflicto en Ucrania muestra que la fant\u00e1stica percepci\u00f3n de que las energ\u00edas f\u00f3siles estaban condenadas a los libros de historia choca contra la realidad. Esto tampoco significa que las energ\u00edas renovables sean insuficientes: solo dice que la transici\u00f3n necesita la participaci\u00f3n de todos. Oswaldo Felizzola\u00a0\/ 26 de abril de...<\/div>\r\n\t\t\t\t\t\t\t\t\t<a href=\"https:\/\/www.iesa.edu.pa\/ciea\/la-invasion-a-ucrania-cuando-los-combustibles-fosiles-se-niegan-a-morir\/\" class=\"bdp-readmorebtn\">Leer m\u00e1s<\/a>\r\n\t\t\t\t\t\t\t<\/div>\r\n\t\t\t\t\t<\/div>\r\n\t<\/div>\r\n<\/div><div class=\"bdp-post-grid bdp-medium-6 bdp-columns  bdp-first\">\r\n\t<div class=\"bdp-post-grid-content \">\r\n\t\t\t\t<div class=\"bdp-post-image-bg\">\r\n\t\t\t<a href=\"https:\/\/www.iesa.edu.pa\/ciea\/consolidar-la-recuperacion\/\">\r\n\t\t\t\t<img decoding=\"async\" src=\"https:\/\/www.iesa.edu.pa\/ciea\/wp-content\/uploads\/2022\/04\/BP-Consolidar-la-recuperacion-1024x576.jpg\" alt=\"Consolidar la recuperaci\u00f3n\" \/>\r\n\t\t\t<\/a>\r\n\t\t<\/div>\r\n\t\t\t\t<div class=\"bdp-post-margin-content\">\r\n\t\t\t\t\t\t<div class=\"bdp-post-categories\">\r\n\t\t\t\t<a href=\"https:\/\/www.iesa.edu.pa\/ciea\/category\/analisis\/\">An\u00e1lisis<\/a>\t\t\t<\/div>\r\n\t\t\t\r\n\t\t\t<h2 class=\"bdp-post-title\">\r\n\t\t\t\t<a href=\"https:\/\/www.iesa.edu.pa\/ciea\/consolidar-la-recuperacion\/\">Consolidar la recuperaci\u00f3n<\/a>\r\n\t\t\t<\/h2>\r\n\r\n\t\t\t\t\t\t\t<div class=\"bdp-post-meta\">\r\n\t\t\t\t\t\t\t\t\t\t\t<span class=\"bdp-post-meta-innr bdp-user-img\">William Maloney<\/span>\r\n\t\t\t\t\t<span class=\"bdpp-post-meta-sep\">\/<\/span>\t\t\t\t\t\t<span class=\"bdp-post-meta-innr bdp-time\"> abril 19, 2022 <\/span>\r\n\t\t\t\t\t\t\t\t\t<\/div>\r\n\t\t\t\t\t\t<div class=\"bdp-post-content\">\r\n\t\t\t\t<div class=\"bdp-post-short-content\">Las econom\u00edas de Am\u00e9rica Latina y el Caribe (ALC) van camino a una recuperaci\u00f3n tras la crisis de COVID-19, aunque las secuelas de la pandemia persisten y la necesidad de un crecimiento din\u00e1mico, inclusivo y sostenible es cada vez m\u00e1s urgente, de acuerdo a un nuevo informe del Banco Mundial,\u00a0Consolidar...<\/div>\r\n\t\t\t\t\t\t\t\t\t<a href=\"https:\/\/www.iesa.edu.pa\/ciea\/consolidar-la-recuperacion\/\" class=\"bdp-readmorebtn\">Leer m\u00e1s<\/a>\r\n\t\t\t\t\t\t\t<\/div>\r\n\t\t\t\t\t<\/div>\r\n\t<\/div>\r\n<\/div><div class=\"bdp-post-grid bdp-medium-6 bdp-columns \">\r\n\t<div class=\"bdp-post-grid-content \">\r\n\t\t\t\t<div class=\"bdp-post-image-bg\">\r\n\t\t\t<a href=\"https:\/\/www.iesa.edu.pa\/ciea\/la-onda-verde\/\">\r\n\t\t\t\t<img decoding=\"async\" src=\"https:\/\/www.iesa.edu.pa\/ciea\/wp-content\/uploads\/2022\/04\/La-onda-verde-1024x576.jpg\" alt=\"La onda verde\" \/>\r\n\t\t\t<\/a>\r\n\t\t<\/div>\r\n\t\t\t\t<div class=\"bdp-post-margin-content\">\r\n\t\t\t\t\t\t<div class=\"bdp-post-categories\">\r\n\t\t\t\t<a href=\"https:\/\/www.iesa.edu.pa\/ciea\/category\/analisis\/\">An\u00e1lisis<\/a>\t\t\t<\/div>\r\n\t\t\t\r\n\t\t\t<h2 class=\"bdp-post-title\">\r\n\t\t\t\t<a href=\"https:\/\/www.iesa.edu.pa\/ciea\/la-onda-verde\/\">La onda verde<\/a>\r\n\t\t\t<\/h2>\r\n\r\n\t\t\t\t\t\t\t<div class=\"bdp-post-meta\">\r\n\t\t\t\t\t\t\t\t\t\t\t<span class=\"bdp-post-meta-innr bdp-user-img\">Daniel Russo V.<\/span>\r\n\t\t\t\t\t<span class=\"bdpp-post-meta-sep\">\/<\/span>\t\t\t\t\t\t<span class=\"bdp-post-meta-innr bdp-time\"> abril 14, 2022 <\/span>\r\n\t\t\t\t\t\t\t\t\t<\/div>\r\n\t\t\t\t\t\t<div class=\"bdp-post-content\">\r\n\t\t\t\t<div class=\"bdp-post-short-content\">Cada vez m\u00e1s consumidores adquieren marcas que muestran alg\u00fan tipo de conciencia social, pol\u00edtica o ambiental. El mercadeo verde es una realidad que debe entenderse y ejecutarse de manera adecuada, para cumplir los objetivos de las empresas y sus marcas. Daniel Russo V.\u00a0\/ 14 de abril de 2022 &nbsp; Est\u00e1...<\/div>\r\n\t\t\t\t\t\t\t\t\t<a href=\"https:\/\/www.iesa.edu.pa\/ciea\/la-onda-verde\/\" class=\"bdp-readmorebtn\">Leer m\u00e1s<\/a>\r\n\t\t\t\t\t\t\t<\/div>\r\n\t\t\t\t\t<\/div>\r\n\t<\/div>\r\n<\/div><div class=\"bdp-post-grid bdp-medium-6 bdp-columns  bdp-first\">\r\n\t<div class=\"bdp-post-grid-content \">\r\n\t\t\t\t<div class=\"bdp-post-image-bg\">\r\n\t\t\t<a href=\"https:\/\/www.iesa.edu.pa\/ciea\/puede-haber-una-transicion-energetica-con-energia-barata\/\">\r\n\t\t\t\t<img decoding=\"async\" src=\"https:\/\/www.iesa.edu.pa\/ciea\/wp-content\/uploads\/2022\/04\/Transicion-energetica-1024x576.jpg\" alt=\"\u00bfPuede haber una transici\u00f3n energ\u00e9tica con energ\u00eda barata?\" \/>\r\n\t\t\t<\/a>\r\n\t\t<\/div>\r\n\t\t\t\t<div class=\"bdp-post-margin-content\">\r\n\t\t\t\t\t\t<div class=\"bdp-post-categories\">\r\n\t\t\t\t<a href=\"https:\/\/www.iesa.edu.pa\/ciea\/category\/analisis\/\">An\u00e1lisis<\/a>\t\t\t<\/div>\r\n\t\t\t\r\n\t\t\t<h2 class=\"bdp-post-title\">\r\n\t\t\t\t<a href=\"https:\/\/www.iesa.edu.pa\/ciea\/puede-haber-una-transicion-energetica-con-energia-barata\/\">\u00bfPuede haber una transici\u00f3n energ\u00e9tica con energ\u00eda barata?<\/a>\r\n\t\t\t<\/h2>\r\n\r\n\t\t\t\t\t\t\t<div class=\"bdp-post-meta\">\r\n\t\t\t\t\t\t\t\t\t\t\t<span class=\"bdp-post-meta-innr bdp-user-img\">Ramon Key<\/span>\r\n\t\t\t\t\t<span class=\"bdpp-post-meta-sep\">\/<\/span>\t\t\t\t\t\t<span class=\"bdp-post-meta-innr bdp-time\"> abril 11, 2022 <\/span>\r\n\t\t\t\t\t\t\t\t\t<\/div>\r\n\t\t\t\t\t\t<div class=\"bdp-post-content\">\r\n\t\t\t\t<div class=\"bdp-post-short-content\">Antes de la crisis de la covid-19 y la invasi\u00f3n rusa a Ucrania, el mercado energ\u00e9tico apuntaba a una transici\u00f3n de bajo precio. Pero los trastornos en las cadenas de suministro y la log\u00edstica del petr\u00f3leo y el gas solo pueden traer m\u00e1s volatilidad en los precios. Una transici\u00f3n energ\u00e9tica...<\/div>\r\n\t\t\t\t\t\t\t\t\t<a href=\"https:\/\/www.iesa.edu.pa\/ciea\/puede-haber-una-transicion-energetica-con-energia-barata\/\" class=\"bdp-readmorebtn\">Leer m\u00e1s<\/a>\r\n\t\t\t\t\t\t\t<\/div>\r\n\t\t\t\t\t<\/div>\r\n\t<\/div>\r\n<\/div><div class=\"bdp-post-grid bdp-medium-6 bdp-columns \">\r\n\t<div class=\"bdp-post-grid-content \">\r\n\t\t\t\t<div class=\"bdp-post-image-bg\">\r\n\t\t\t<a href=\"https:\/\/www.iesa.edu.pa\/ciea\/la-descarbonizacion-caotica\/\">\r\n\t\t\t\t<img decoding=\"async\" src=\"https:\/\/www.iesa.edu.pa\/ciea\/wp-content\/uploads\/2022\/03\/industry-gd1c31f646_1920-1024x576.png\" alt=\"La descarbonizaci\u00f3n ca\u00f3tica\" \/>\r\n\t\t\t<\/a>\r\n\t\t<\/div>\r\n\t\t\t\t<div class=\"bdp-post-margin-content\">\r\n\t\t\t\t\t\t<div class=\"bdp-post-categories\">\r\n\t\t\t\t<a href=\"https:\/\/www.iesa.edu.pa\/ciea\/category\/analisis\/\">An\u00e1lisis<\/a>\t\t\t<\/div>\r\n\t\t\t\r\n\t\t\t<h2 class=\"bdp-post-title\">\r\n\t\t\t\t<a href=\"https:\/\/www.iesa.edu.pa\/ciea\/la-descarbonizacion-caotica\/\">La descarbonizaci\u00f3n ca\u00f3tica<\/a>\r\n\t\t\t<\/h2>\r\n\r\n\t\t\t\t\t\t\t<div class=\"bdp-post-meta\">\r\n\t\t\t\t\t\t\t\t\t\t\t<span class=\"bdp-post-meta-innr bdp-user-img\">Ramon Key<\/span>\r\n\t\t\t\t\t<span class=\"bdpp-post-meta-sep\">\/<\/span>\t\t\t\t\t\t<span class=\"bdp-post-meta-innr bdp-time\"> marzo 21, 2022 <\/span>\r\n\t\t\t\t\t\t\t\t\t<\/div>\r\n\t\t\t\t\t\t<div class=\"bdp-post-content\">\r\n\t\t\t\t<div class=\"bdp-post-short-content\">Presentamos un art\u00edculo de Ram\u00f3n Key* y Claudia Villarroel** publicado el 8 de marzo por la revista Debates IESA, el cual plantea la creaci\u00f3n de una crisis energ\u00e9tica y una descarbonizaci\u00f3n no planificada, debido a la covid-19 y la guerra de Ucrania; un escenario, aunado a un mundo vol\u00e1til, que...<\/div>\r\n\t\t\t\t\t\t\t\t\t<a href=\"https:\/\/www.iesa.edu.pa\/ciea\/la-descarbonizacion-caotica\/\" class=\"bdp-readmorebtn\">Leer m\u00e1s<\/a>\r\n\t\t\t\t\t\t\t<\/div>\r\n\t\t\t\t\t<\/div>\r\n\t<\/div>\r\n<\/div>\t\t<\/div>\r\n\r\n\t\t\n\r\n<div id=\"gtx-trans\" style=\"position: absolute; left: 147px; top: 72px;\">\r\n<div class=\"gtx-trans-icon\">\u00a0<\/div>\r\n<\/div>","protected":false},"excerpt":{"rendered":"<p>\u00a0<\/p>\n","protected":false},"author":3,"featured_media":0,"parent":0,"menu_order":0,"comment_status":"closed","ping_status":"closed","template":"page-templates\/no-sidebar.php","meta":{"footnotes":""},"class_list":["post-4625","page","type-page","status-publish","hentry"],"_links":{"self":[{"href":"https:\/\/www.iesa.edu.pa\/ciea\/wp-json\/wp\/v2\/pages\/4625"}],"collection":[{"href":"https:\/\/www.iesa.edu.pa\/ciea\/wp-json\/wp\/v2\/pages"}],"about":[{"href":"https:\/\/www.iesa.edu.pa\/ciea\/wp-json\/wp\/v2\/types\/page"}],"author":[{"embeddable":true,"href":"https:\/\/www.iesa.edu.pa\/ciea\/wp-json\/wp\/v2\/users\/3"}],"replies":[{"embeddable":true,"href":"https:\/\/www.iesa.edu.pa\/ciea\/wp-json\/wp\/v2\/comments?post=4625"}],"version-history":[{"count":15,"href":"https:\/\/www.iesa.edu.pa\/ciea\/wp-json\/wp\/v2\/pages\/4625\/revisions"}],"predecessor-version":[{"id":4849,"href":"https:\/\/www.iesa.edu.pa\/ciea\/wp-json\/wp\/v2\/pages\/4625\/revisions\/4849"}],"wp:attachment":[{"href":"https:\/\/www.iesa.edu.pa\/ciea\/wp-json\/wp\/v2\/media?parent=4625"}],"curies":[{"name":"wp","href":"https:\/\/api.w.org\/{rel}","templated":true}]}}